{"id":896,"date":"2026-03-25T11:24:50","date_gmt":"2026-03-25T10:24:50","guid":{"rendered":"https:\/\/velo-du-bonheur.com\/bonvenon\/"},"modified":"2026-05-07T14:46:46","modified_gmt":"2026-05-07T12:46:46","slug":"bonvenon","status":"publish","type":"page","link":"https:\/\/velo-du-bonheur.com\/eo\/","title":{"rendered":"Bonvenon"},"content":{"rendered":"<div class=\"et_pb_section_0 et_pb_section et_section_regular et_block_section\">\n<div class=\"et_pb_row_0 et_pb_row et_block_row preset--module--divi-row--5138c454-be54-4233-bd3b-f8e6a8747976\">\n<div class=\"et_pb_column_0 et_pb_column et_pb_column_4_4 et-last-child et_block_column et_pb_css_mix_blend_mode_passthrough preset--module--divi-column--73121f80-a3ef-4484-8763-c3f18e3c56d2\">\n<div class=\"et_pb_heading_0 et_pb_heading et_pb_module et_block_module preset--module--divi-heading--f0c675ea-2574-4d0e-b725-30f8550a8550\"><div class=\"et_pb_heading_container\"><h4 class=\"et_pb_module_header\">Malkovru la Arton de la Miniatura Biciklo<\/h4><\/div><\/div>\n\n<div class=\"et_pb_image_0 et_pb_image et_pb_module et_flex_module\"><span class=\"et_pb_image_wrap\"><img loading=\"lazy\" decoding=\"async\" src=\"https:\/\/velo-du-bonheur.com\/wp-content\/uploads\/2026\/03\/accueil2.png\" width=\"1500\" height=\"724\" srcset=\"https:\/\/velo-du-bonheur.com\/wp-content\/uploads\/2026\/03\/accueil2.png 1500w, https:\/\/velo-du-bonheur.com\/wp-content\/uploads\/2026\/03\/accueil2-1280x618.png 1280w, https:\/\/velo-du-bonheur.com\/wp-content\/uploads\/2026\/03\/accueil2-980x473.png 980w, https:\/\/velo-du-bonheur.com\/wp-content\/uploads\/2026\/03\/accueil2-480x232.png 480w\" sizes=\"(min-width: 0px) and (max-width: 480px) 480px, (min-width: 481px) and (max-width: 980px) 980px, (min-width: 981px) and (max-width: 1280px) 1280px, (min-width: 1281px) 1500px, 100vw\" class=\"wp-image-32\" \/><\/span><\/div>\n<\/div>\n<\/div>\n<\/div>\n\n<div class=\"et_pb_section_1 et_pb_section et_section_regular et_block_section\">\n<div class=\"et_pb_row_1 et_pb_row et_block_row preset--module--divi-row--5138c454-be54-4233-bd3b-f8e6a8747976\">\n<div class=\"et_pb_column_1 et_pb_column et_pb_column_1_2 et_block_column et_pb_css_mix_blend_mode_passthrough preset--module--divi-column--73121f80-a3ef-4484-8763-c3f18e3c56d2\">\n<div class=\"et_pb_image_1 et_pb_image et_pb_image_sticky et_pb_module et_block_module preset--module--divi-image--1cc6152f-565c-4c4d-b0c9-cf8c9576c341\"><span class=\"et_pb_image_wrap\"><img loading=\"lazy\" decoding=\"async\" src=\"https:\/\/velo-du-bonheur.com\/wp-content\/uploads\/2026\/03\/Signature-11-scaled.jpg\" width=\"2560\" height=\"1707\" srcset=\"https:\/\/velo-du-bonheur.com\/wp-content\/uploads\/2026\/03\/Signature-11-scaled.jpg 2560w, https:\/\/velo-du-bonheur.com\/wp-content\/uploads\/2026\/03\/Signature-11-1280x854.jpg 1280w, https:\/\/velo-du-bonheur.com\/wp-content\/uploads\/2026\/03\/Signature-11-980x653.jpg 980w, https:\/\/velo-du-bonheur.com\/wp-content\/uploads\/2026\/03\/Signature-11-480x320.jpg 480w\" sizes=\"(min-width: 0px) and (max-width: 480px) 480px, (min-width: 481px) and (max-width: 980px) 980px, (min-width: 981px) and (max-width: 1280px) 1280px, (min-width: 1281px) 2560px, 100vw\" class=\"wp-image-11\" title=\"800x800\" \/><\/span><\/div>\n<\/div>\n\n<div class=\"et_pb_column_2 et_pb_column et_pb_column_1_2 et-last-child et_block_column et_pb_css_mix_blend_mode_passthrough preset--module--divi-column--73121f80-a3ef-4484-8763-c3f18e3c56d2\">\n<div class=\"et_pb_heading_1 et_pb_heading et_pb_module et_block_module preset--module--divi-heading--c33f07d9-41e0-421a-8799-5799df695cce\"><div class=\"et_pb_heading_container\"><h2 class=\"et_pb_module_header\">Oni diras, ke mi estas la viro kun malgranda biciklo en sia kapo!<\/h2><\/div><\/div>\n\n<div class=\"et_pb_text_0 et_pb_text et_pb_bg_layout_light et_pb_module et_block_module preset--module--divi-text--2c55a9c4-feed-423b-9edb-ae0b5b365cac\"><div class=\"et_pb_text_inner\"><p>Dum mia vivo kiel longdistanca voja\u011danto (inkluzive de ok jaroj da voja\u011dado \u0109irka\u016d la mondo), mi faris \u0109iuspecajn miniaturajn biciklojn, kiujn mi donacis al homoj tra la tuta mondo por danki miajn gastigantojn. Nun mi ofertas al vi mian sperton pri manfaritaj miniaturaj bicikloj. <\/p>\n<\/div><\/div>\n<\/div>\n<\/div>\n\n<div class=\"et_pb_row_2 et_pb_row et_block_row preset--module--divi-row--5138c454-be54-4233-bd3b-f8e6a8747976\">\n<div class=\"et_pb_column_3 et_pb_column et_pb_column_1_2 et_block_column et_pb_css_mix_blend_mode_passthrough preset--module--divi-column--73121f80-a3ef-4484-8763-c3f18e3c56d2\">\n<div class=\"et_pb_heading_2 et_pb_heading et_pb_module et_block_module preset--module--divi-heading--c33f07d9-41e0-421a-8799-5799df695cce\"><div class=\"et_pb_heading_container\"><h2 class=\"et_pb_module_header\">Festotablaj ornamoj<\/h2><\/div><\/div>\n\n<div class=\"et_pb_text_1 et_pb_text et_pb_bg_layout_light et_pb_module et_block_module preset--module--divi-text--2c55a9c4-feed-423b-9edb-ae0b5b365cac\"><div class=\"et_pb_text_inner\"><p><b>Por certigi, ke viaj festaj tabloj estu ornamitaj<\/b> per bicikla temo por geedzi\u011do, naski\u011dtago, emeriti\u011da festo a\u016d familia festo, \u0109i tiuj miniaturaj bicikloj certe surprizos kaj \u011dojigos viajn gastojn: bicikloj por nomkartoj, bicikloj por menuoteniloj kaj bicikloj por donacoj. Viaj gastoj povas kunporti ilin hejmen, kaj la biciklo fari\u011dos memora\u0135o de via evento, precipe kiam foto de la tago estas metita interne. Iom pli grandaj modeloj faras originalajn tablornama\u0135ojn (maksi-bicikloj; bicikloj por paro); ili anka\u016d povas esti uzataj por ornami la kukon. Elektu el 7 malsamaj modeloj.   <\/p>\n<\/div><\/div>\n<\/div>\n\n<div class=\"et_pb_column_4 et_pb_column et_pb_column_1_2 et-last-child et_block_column et_pb_css_mix_blend_mode_passthrough preset--module--divi-column--73121f80-a3ef-4484-8763-c3f18e3c56d2\">\n<div class=\"et_pb_image_2 et_pb_image et_pb_module et_block_module preset--module--divi-image--1cc6152f-565c-4c4d-b0c9-cf8c9576c341\"><span class=\"et_pb_image_wrap\"><img loading=\"lazy\" decoding=\"async\" src=\"https:\/\/velo-du-bonheur.com\/wp-content\/uploads\/2026\/03\/Accueil-1.jpg\" width=\"1772\" height=\"1181\" srcset=\"https:\/\/velo-du-bonheur.com\/wp-content\/uploads\/2026\/03\/Accueil-1.jpg 1772w, https:\/\/velo-du-bonheur.com\/wp-content\/uploads\/2026\/03\/Accueil-1-1280x853.jpg 1280w, https:\/\/velo-du-bonheur.com\/wp-content\/uploads\/2026\/03\/Accueil-1-980x653.jpg 980w, https:\/\/velo-du-bonheur.com\/wp-content\/uploads\/2026\/03\/Accueil-1-480x320.jpg 480w\" sizes=\"(min-width: 0px) and (max-width: 480px) 480px, (min-width: 481px) and (max-width: 980px) 980px, (min-width: 981px) and (max-width: 1280px) 1280px, (min-width: 1281px) 1772px, 100vw\" class=\"wp-image-33\" title=\"800x800\" \/><\/span><\/div>\n<\/div>\n<\/div>\n\n<div class=\"et_pb_row_3 et_pb_row et_block_row preset--module--divi-row--5138c454-be54-4233-bd3b-f8e6a8747976\">\n<div class=\"et_pb_column_5 et_pb_column et_pb_column_1_2 et_block_column et_pb_css_mix_blend_mode_passthrough preset--module--divi-column--73121f80-a3ef-4484-8763-c3f18e3c56d2\">\n<div class=\"et_pb_image_3 et_pb_image et_pb_image_sticky et_pb_module et_block_module preset--module--divi-image--1cc6152f-565c-4c4d-b0c9-cf8c9576c341\"><span class=\"et_pb_image_wrap\"><img loading=\"lazy\" decoding=\"async\" src=\"https:\/\/velo-du-bonheur.com\/wp-content\/uploads\/2026\/03\/12-Velo-couple.jpg\" title=\"SONY DSC\" width=\"640\" height=\"427\" srcset=\"https:\/\/velo-du-bonheur.com\/wp-content\/uploads\/2026\/03\/12-Velo-couple.jpg 640w, https:\/\/velo-du-bonheur.com\/wp-content\/uploads\/2026\/03\/12-Velo-couple-480x320.jpg 480w\" sizes=\"(min-width: 0px) and (max-width: 480px) 480px, (min-width: 481px) 640px, 100vw\" class=\"wp-image-28\" \/><\/span><\/div>\n<\/div>\n\n<div class=\"et_pb_column_6 et_pb_column et_pb_column_1_2 et-last-child et_block_column et_pb_css_mix_blend_mode_passthrough preset--module--divi-column--73121f80-a3ef-4484-8763-c3f18e3c56d2\">\n<div class=\"et_pb_heading_3 et_pb_heading et_pb_module et_block_module preset--module--divi-heading--c33f07d9-41e0-421a-8799-5799df695cce\"><div class=\"et_pb_heading_container\"><h2 class=\"et_pb_module_header\">Originalaj kaj personigitaj donacoj<\/h2><\/div><\/div>\n\n<div class=\"et_pb_text_2 et_pb_text et_pb_bg_layout_light et_pb_module et_block_module preset--module--divi-text--2c55a9c4-feed-423b-9edb-ae0b5b365cac\"><div class=\"et_pb_text_inner\"><p>La\u016d via peto, mi kreas manfaritajn miniaturajn biciklojn, kiuj mirigos viajn amikojn. Por geedzi\u011do, la biciklo de la paro, rigardanta en la sama direkto, estas interplektita per la apogilo. Por naski\u011dtaga biciklo, mi povas skribi la a\u011don per aluminia drato inter la selo kaj la stirilo. Sur la biciklan vortujon, mi skribas nomon a\u016d dol\u0109an vorton per drato: amo, feli\u0109o, tenereco, pardono, paco, danko... (Mi ne skribas sakra\u0135ojn!) Malkovru anka\u016d la biciklan skribtablan akcesora\u0135on, kiu servas kiel vizitkartujo. Surprizu viajn amikojn per la bicikla orelringo, la biciklaj okulvitroj... Por kolektantoj, ekzistas la montbiciklo a\u016d la Rocky-biciklo.    <\/p>\n<\/div><\/div>\n<\/div>\n<\/div>\n\n<div class=\"et_pb_row_4 et_pb_row et_block_row preset--module--divi-row--5138c454-be54-4233-bd3b-f8e6a8747976\">\n<div class=\"et_pb_column_7 et_pb_column et_pb_column_1_2 et_block_column et_pb_css_mix_blend_mode_passthrough preset--module--divi-column--73121f80-a3ef-4484-8763-c3f18e3c56d2\">\n<div class=\"et_pb_heading_4 et_pb_heading et_pb_module et_block_module preset--module--divi-heading--c33f07d9-41e0-421a-8799-5799df695cce\"><div class=\"et_pb_heading_container\"><h2 class=\"et_pb_module_header\">Por sportaj kluboj, trofeoj kaj donacoj<\/h2><\/div><\/div>\n\n<div class=\"et_pb_text_3 et_pb_text et_pb_bg_layout_light et_pb_module et_block_module preset--module--divi-text--2c55a9c4-feed-423b-9edb-ae0b5b365cac\"><div class=\"et_pb_text_inner\"><p>Kiel rekompenco por biciklada konkurso, maksi-biciklo, trofea biciklo sur ligna bazo kun la ebleco personecigi la mesa\u011don\u2026<\/p>\n<p>Mia sekreto por \u011dia kreado? La biciklo estas farita el ununura, netondita aluminio-drato. \u011ci komenci\u011das \u0109e unu bremso kaj fini\u011das \u0109e la alia. \u0108io estas manfarita la\u016dmende, uzante tradiciajn metodojn. Farita en la regiono Luarlandoj de Francio.    <\/p>\n<\/div><\/div>\n<\/div>\n\n<div class=\"et_pb_column_8 et_pb_column et_pb_column_1_2 et-last-child et_block_column et_pb_css_mix_blend_mode_passthrough preset--module--divi-column--73121f80-a3ef-4484-8763-c3f18e3c56d2\">\n<div class=\"et_pb_image_4 et_pb_image et_pb_module et_block_module preset--module--divi-image--1cc6152f-565c-4c4d-b0c9-cf8c9576c341\"><span class=\"et_pb_image_wrap\"><img loading=\"lazy\" decoding=\"async\" src=\"https:\/\/velo-du-bonheur.com\/wp-content\/uploads\/2026\/03\/9-Porte-cartes-de-visite-avec-texte.jpg\" width=\"2128\" height=\"1424\" srcset=\"https:\/\/velo-du-bonheur.com\/wp-content\/uploads\/2026\/03\/9-Porte-cartes-de-visite-avec-texte.jpg 2128w, https:\/\/velo-du-bonheur.com\/wp-content\/uploads\/2026\/03\/9-Porte-cartes-de-visite-avec-texte-1280x857.jpg 1280w, https:\/\/velo-du-bonheur.com\/wp-content\/uploads\/2026\/03\/9-Porte-cartes-de-visite-avec-texte-980x656.jpg 980w, https:\/\/velo-du-bonheur.com\/wp-content\/uploads\/2026\/03\/9-Porte-cartes-de-visite-avec-texte-480x321.jpg 480w\" sizes=\"(min-width: 0px) and (max-width: 480px) 480px, (min-width: 481px) and (max-width: 980px) 980px, (min-width: 981px) and (max-width: 1280px) 1280px, (min-width: 1281px) 2128px, 100vw\" class=\"wp-image-56\" title=\"800x800\" \/><\/span><\/div>\n<\/div>\n<\/div>\n\n<div class=\"et_pb_row_5 et_pb_row et_block_row preset--module--divi-row--5138c454-be54-4233-bd3b-f8e6a8747976\">\n<div class=\"et_pb_column_9 et_pb_column et_pb_column_1_2 et_block_column et_pb_css_mix_blend_mode_passthrough preset--module--divi-column--73121f80-a3ef-4484-8763-c3f18e3c56d2\">\n<div class=\"et_pb_image_5 et_pb_image et_pb_image_sticky et_pb_module et_block_module preset--module--divi-image--1cc6152f-565c-4c4d-b0c9-cf8c9576c341\"><span class=\"et_pb_image_wrap\"><img loading=\"lazy\" decoding=\"async\" src=\"https:\/\/velo-du-bonheur.com\/wp-content\/uploads\/2026\/03\/9-Trophee-scaled.jpg\" width=\"2560\" height=\"1707\" srcset=\"https:\/\/velo-du-bonheur.com\/wp-content\/uploads\/2026\/03\/9-Trophee-scaled.jpg 2560w, https:\/\/velo-du-bonheur.com\/wp-content\/uploads\/2026\/03\/9-Trophee-1280x854.jpg 1280w, https:\/\/velo-du-bonheur.com\/wp-content\/uploads\/2026\/03\/9-Trophee-980x653.jpg 980w, https:\/\/velo-du-bonheur.com\/wp-content\/uploads\/2026\/03\/9-Trophee-480x320.jpg 480w\" sizes=\"(min-width: 0px) and (max-width: 480px) 480px, (min-width: 481px) and (max-width: 980px) 980px, (min-width: 981px) and (max-width: 1280px) 1280px, (min-width: 1281px) 2560px, 100vw\" class=\"wp-image-57\" title=\"SONY DSC\" \/><\/span><\/div>\n<\/div>\n\n<div class=\"et_pb_column_10 et_pb_column et_pb_column_1_2 et-last-child et_block_column et_pb_css_mix_blend_mode_passthrough preset--module--divi-column--73121f80-a3ef-4484-8763-c3f18e3c56d2\">\n<div class=\"et_pb_heading_5 et_pb_heading et_pb_module et_block_module preset--module--divi-heading--c33f07d9-41e0-421a-8799-5799df695cce\"><div class=\"et_pb_heading_container\"><h2 class=\"et_pb_module_header\">Kial la marko: \"Biciklo de feli\u0109o\"?<\/h2><\/div><\/div>\n\n<div class=\"et_pb_text_4 et_pb_text et_pb_bg_layout_light et_pb_module et_block_module preset--module--divi-text--2c55a9c4-feed-423b-9edb-ae0b5b365cac\"><div class=\"et_pb_text_inner\"><p>Mi komencis fari miajn miniaturajn manfaritajn biciklojn dum okjara voja\u011do \u0109irka\u016d la mondo kun mia partnero. Ni petveturis, uzante kiajn ajn transportrimedojn, kiujn ni povis trovi, inkluzive de bicikloj. Iafoje mi vendis \u0109i tiujn malgrandajn biciklojn surstrate. Ofte, mi donis ilin al niaj gastigantoj a\u016d al la \u015doforoj, kiuj estis sufi\u0109e afablaj por veturigi nin. Ili \u0109iam ekbruligis la saman mirinda\u0135on, malgrandan sparkon de feli\u0109o. Do, en \u0109iu angulo de la mondo, ekzistas \u0109i tiuj malgrandaj bicikloj, kiuj simbolas amikecon kaj dankemon. <a href=\"https:\/\/velo-du-bonheur.com\/eo\/miaj-vojagoj-kaj-miaj-bicikloj\/\">Por lerni pli pri miaj voja\u011doj, libroj kaj prelegoj, vizitu mian retejon<\/a>. Por vere memorinda kaj originala suveniro, donacu a\u016dtentan \"Biciklon de Feli\u0109o\", faritan kun pacienco kaj amo. Bicikloj kun speciala tu\u015do.       <\/p>\n<\/div><\/div>\n<\/div>\n<\/div>\n\n<div class=\"et_pb_row_6 et_pb_row et_flex_row\">\n<div class=\"et_pb_column_11 et_pb_column et-last-child et_flex_column et_pb_css_mix_blend_mode_passthrough et_flex_column_24_24 et_flex_column_24_24_tablet et_flex_column_24_24_phone\">\n<div class=\"et_pb_text_5 et_pb_text et_pb_bg_layout_light et_pb_module et_flex_module\"><div class=\"et_pb_text_inner\"><p>Se vi havas specifan peton a\u016d \u015datus konsilon pri elektado de biciklo, mi instigas vin <a title=\"Kontaktu\" href=\"https:\/\/velo-du-bonheur.com\/eo\/kontaktu\/\">kontakti min<\/a>. Rekta komunikado estas la plej bona maniero certigi, ke ni komprenas unu la alian. Vi kompreneble anka\u016d povas kontakti min retpo\u015dte. (Vi povas paroli kun mi france, angle, hispane, a\u016d la internacia lingvo Esperanto.)   <\/p>\n<\/div><\/div>\n<\/div>\n<\/div>\n\n<div class=\"et_pb_row_7 et_pb_row et_block_row preset--module--divi-row--5138c454-be54-4233-bd3b-f8e6a8747976\">\n<div class=\"et_pb_column_12 et_pb_column et_pb_column_4_4 et-last-child et_block_column et_pb_css_mix_blend_mode_passthrough preset--module--divi-column--73121f80-a3ef-4484-8763-c3f18e3c56d2\">\n<div class=\"et_pb_heading_6 et_pb_heading et_pb_module et_block_module preset--module--divi-heading--c33f07d9-41e0-421a-8799-5799df695cce\"><div class=\"et_pb_heading_container\"><h2 class=\"et_pb_module_header\">Kiom longe da\u016dros kompletigi la mendon?<\/h2><\/div><\/div>\n\n<div class=\"et_pb_text_6 et_pb_text et_pb_bg_layout_light et_pb_module et_block_module preset--module--divi-text--2c55a9c4-feed-423b-9edb-ae0b5b365cac\"><div class=\"et_pb_text_inner\"><p>Tio dependas de la modeloj, kiujn vi mendas, la kvanto, kaj aliaj atendantaj mendoj. Ekzemple, por mendo de unu \u011dis dek bicikloj, kalkulu kelkajn tagojn; por malpli ol kvindek miniaturaj biciklaj lokkartoj, kalkulu 10 \u011dis 15 tagojn. \u011cuu foliumadon en mia <a title=\"Boutique v\u00e9lo du bonheur\" href=\"https:\/\/velo-du-bonheur.com\/eo\/vendejo\/\">butiko<\/a>. Mi instigas vin lasi komenton; \u011di instigas min da\u016drigi mian kreadon de feli\u0109o.   <\/p>\n<\/div><\/div>\n<\/div>\n<\/div>\n<\/div>\n\n<div class=\"et_pb_section_2 et_pb_section et_section_regular et_block_section\">\n<div class=\"et_pb_row_8 et_pb_row et_pb_equal_columns et_block_row preset--module--divi-row--333b8a65-5730-490d-b80e-51611171c668\">\n<div class=\"et_pb_column_13 et_pb_column et_pb_column_3_5 et_block_column et_pb_css_mix_blend_mode_passthrough preset--module--divi-column--73121f80-a3ef-4484-8763-c3f18e3c56d2\">\n<div class=\"et_pb_heading_7 et_pb_heading et_pb_module et_block_module preset--module--divi-heading--c33f07d9-41e0-421a-8799-5799df695cce\"><div class=\"et_pb_heading_container\"><h2 class=\"et_pb_module_header\">Esploru nian interretan vendejon<\/h2><\/div><\/div>\n\n<div class=\"et_pb_text_7 et_pb_text et_pb_bg_layout_light et_pb_module et_block_module preset--module--divi-text--0504de1e-f5ff-4281-ba60-cbbe4edf98bc\"><div class=\"et_pb_text_inner\"><p>Plon\u011du en la fascinan mondon de miniaturaj bicikloj kaj trovu la modelon, kiu vin ravos. Vizitu nian butikon por malkovri niajn plej novajn krea\u0135ojn kaj faru vian mendon hodia\u016d! <\/p>\n<\/div><\/div>\n<\/div>\n\n<div class=\"et_pb_column_14 et_pb_column et_pb_column_2_5 et-last-child et_block_column et_pb_css_mix_blend_mode_passthrough preset--module--divi-column--73121f80-a3ef-4484-8763-c3f18e3c56d2\">\n<div class=\"et_pb_module et_pb_button_module_wrapper et_pb_button_0_wrapper preset--module--divi-button--ab15fb74-61a3-43aa-96b3-41e09aeef654_wrapper\"><a class=\"et_pb_button_0 et_pb_button et_pb_bg_layout_light et_pb_module et_block_module preset--module--divi-button--ab15fb74-61a3-43aa-96b3-41e09aeef654\" href=\"https:\/\/velo-du-bonheur.com\/eo\/vendejo\/\">Vizitu la Butiko<\/a><\/div>\n<\/div>\n<\/div>\n<\/div>","protected":false},"excerpt":{"rendered":"","protected":false},"author":2,"featured_media":0,"parent":0,"menu_order":0,"comment_status":"closed","ping_status":"closed","template":"","meta":{"footnotes":""},"class_list":["post-896","page","type-page","status-publish","hentry"],"_links":{"self":[{"href":"https:\/\/velo-du-bonheur.com\/eo\/wp-json\/wp\/v2\/pages\/896","targetHints":{"allow":["GET"]}}],"collection":[{"href":"https:\/\/velo-du-bonheur.com\/eo\/wp-json\/wp\/v2\/pages"}],"about":[{"href":"https:\/\/velo-du-bonheur.com\/eo\/wp-json\/wp\/v2\/types\/page"}],"author":[{"embeddable":true,"href":"https:\/\/velo-du-bonheur.com\/eo\/wp-json\/wp\/v2\/users\/2"}],"replies":[{"embeddable":true,"href":"https:\/\/velo-du-bonheur.com\/eo\/wp-json\/wp\/v2\/comments?post=896"}],"version-history":[{"count":1,"href":"https:\/\/velo-du-bonheur.com\/eo\/wp-json\/wp\/v2\/pages\/896\/revisions"}],"predecessor-version":[{"id":897,"href":"https:\/\/velo-du-bonheur.com\/eo\/wp-json\/wp\/v2\/pages\/896\/revisions\/897"}],"wp:attachment":[{"href":"https:\/\/velo-du-bonheur.com\/eo\/wp-json\/wp\/v2\/media?parent=896"}],"curies":[{"name":"wp","href":"https:\/\/api.w.org\/{rel}","templated":true}]}}