{"id":892,"date":"2026-04-03T14:32:37","date_gmt":"2026-04-03T12:32:37","guid":{"rendered":"https:\/\/velo-du-bonheur.com\/miaj-vojagoj-kaj-miaj-bicikloj\/"},"modified":"2026-05-07T14:39:18","modified_gmt":"2026-05-07T12:39:18","slug":"miaj-vojagoj-kaj-miaj-bicikloj","status":"publish","type":"page","link":"https:\/\/velo-du-bonheur.com\/eo\/miaj-vojagoj-kaj-miaj-bicikloj\/","title":{"rendered":"Miaj voja\u011doj kaj miaj bicikloj"},"content":{"rendered":"<div class=\"et_pb_section_0 et_pb_section et_section_regular et_flex_section\">\n<div class=\"et_pb_row_0 et_pb_row et_flex_row\">\n<div class=\"et_pb_column_0 et_pb_column et-last-child et_flex_column et_pb_css_mix_blend_mode_passthrough et_flex_column_24_24 et_flex_column_24_24_tablet et_flex_column_24_24_phone\">\n<div class=\"et_pb_text_0 et_pb_text et_pb_bg_layout_light et_pb_module et_flex_module\"><div class=\"et_pb_text_inner\"><h1>Miaj voja\u011doj kaj miaj bicikloj<\/h1>\n<\/div><\/div>\n<\/div>\n<\/div>\n\n<div class=\"et_pb_row_1 et_pb_row et_block_row preset--module--divi-row--5138c454-be54-4233-bd3b-f8e6a8747976\">\n<div class=\"et_pb_column_1 et_pb_column et_pb_column_1_2 et_block_column et_pb_css_mix_blend_mode_passthrough preset--module--divi-column--73121f80-a3ef-4484-8763-c3f18e3c56d2\">\n<div class=\"et_pb_image_0 et_pb_image et_pb_image_sticky et_pb_module et_block_module preset--module--divi-image--1cc6152f-565c-4c4d-b0c9-cf8c9576c341\"><span class=\"et_pb_image_wrap\"><img loading=\"lazy\" decoding=\"async\" src=\"https:\/\/velo-du-bonheur.com\/wp-content\/uploads\/2026\/04\/1ere-couverture-300-dpi-scaled.jpg\" title=\"fronta kovrilo\" width=\"1727\" height=\"2560\" srcset=\"https:\/\/velo-du-bonheur.com\/wp-content\/uploads\/2026\/04\/1ere-couverture-300-dpi-scaled.jpg 1727w, https:\/\/velo-du-bonheur.com\/wp-content\/uploads\/2026\/04\/1ere-couverture-300-dpi-1280x1897.jpg 1280w, https:\/\/velo-du-bonheur.com\/wp-content\/uploads\/2026\/04\/1ere-couverture-300-dpi-980x1453.jpg 980w, https:\/\/velo-du-bonheur.com\/wp-content\/uploads\/2026\/04\/1ere-couverture-300-dpi-480x712.jpg 480w\" sizes=\"(min-width: 0px) and (max-width: 480px) 480px, (min-width: 481px) and (max-width: 980px) 980px, (min-width: 981px) and (max-width: 1280px) 1280px, (min-width: 1281px) 1727px, 100vw\" class=\"wp-image-462\" \/><\/span><\/div>\n<\/div>\n\n<div class=\"et_pb_column_2 et_pb_column et_pb_column_1_2 et-last-child et_block_column et_pb_css_mix_blend_mode_passthrough preset--module--divi-column--73121f80-a3ef-4484-8763-c3f18e3c56d2\">\n<div class=\"et_pb_text_1 et_pb_text et_pb_bg_layout_light et_pb_module et_block_module preset--module--divi-text--2c55a9c4-feed-423b-9edb-ae0b5b365cac\"><div class=\"et_pb_text_inner\"><p>Mi komencis fari miniaturajn biciklojn dum okjara voja\u011do \u0109irka\u016d la mondo, kiun mi faris petveturante kun mia edzino, Maryvonne. Ni vetis, ke per inter\u015dan\u011do de nia laboro kontra\u016d lo\u011dejo kaj man\u011do, ni penetros la koron de familioj, dividante iliajn \u0109iutagajn vivojn, festadojn, mal\u011dojojn kaj \u011dojojn dum kelkaj semajnoj a\u016d monatoj. La pordoj de hejmoj kaj vivoj malfermi\u011dis.<\/p>\n<p>Ni demetis niajn dorsosakojn en diversaj partoj de la globo, en vila\u011do en la Ganga ebena\u0135o, sur la boliviaj altebena\u0135oj kun la ajmaraj indianoj, sed anka\u016d en japanaj megaurboj a\u016d la a\u016dstralia arbustaro.<\/p>\n<p>Ni rakontis \u0109i tiun eksterordinaran homan aventuron en libro \"Ok Jaroj \u0108irka\u016d la Mondo\" eldonita en la franca lingvo kaj en Esperanto, la internacia lingvo \"Ok jaroj \u0109irka\u016d la mondo\".<\/p>\n<p>Libro havebla de Bruno Robineau \u2013 brobineau @ orange.fr (forigu spacojn)<\/p>\n<p>a\u016d <a href=\"https:\/\/butiko-esperanto-france.org\/geographie-voyages\/436-huit-ans-autour-du-monde.html\">https:\/\/butiko-esperanto-france.org\/geographie-voyages\/436-huit-ans-autour-du-monde.html<\/a><\/p>\n<p>\u201c<em>Estas la okulo, estas la orelo, estas la koro. \u0108io estas en \u0109i tiu voja\u011do kaj \u0109i tiu rakonto.<\/em>\u201d J. Gicquel, \u0135urnalisto, a\u016dtoro de \u201c\u0108irka\u016d la Mondo de Infaneco\u201d.<\/p>\n<\/div><\/div>\n<\/div>\n<\/div>\n<\/div>","protected":false},"excerpt":{"rendered":"","protected":false},"author":2,"featured_media":0,"parent":0,"menu_order":0,"comment_status":"closed","ping_status":"closed","template":"","meta":{"footnotes":""},"class_list":["post-892","page","type-page","status-publish","hentry"],"_links":{"self":[{"href":"https:\/\/velo-du-bonheur.com\/eo\/wp-json\/wp\/v2\/pages\/892","targetHints":{"allow":["GET"]}}],"collection":[{"href":"https:\/\/velo-du-bonheur.com\/eo\/wp-json\/wp\/v2\/pages"}],"about":[{"href":"https:\/\/velo-du-bonheur.com\/eo\/wp-json\/wp\/v2\/types\/page"}],"author":[{"embeddable":true,"href":"https:\/\/velo-du-bonheur.com\/eo\/wp-json\/wp\/v2\/users\/2"}],"replies":[{"embeddable":true,"href":"https:\/\/velo-du-bonheur.com\/eo\/wp-json\/wp\/v2\/comments?post=892"}],"version-history":[{"count":1,"href":"https:\/\/velo-du-bonheur.com\/eo\/wp-json\/wp\/v2\/pages\/892\/revisions"}],"predecessor-version":[{"id":893,"href":"https:\/\/velo-du-bonheur.com\/eo\/wp-json\/wp\/v2\/pages\/892\/revisions\/893"}],"wp:attachment":[{"href":"https:\/\/velo-du-bonheur.com\/eo\/wp-json\/wp\/v2\/media?parent=892"}],"curies":[{"name":"wp","href":"https:\/\/api.w.org\/{rel}","templated":true}]}}