{"id":890,"date":"2026-04-03T12:09:54","date_gmt":"2026-04-03T10:09:54","guid":{"rendered":"https:\/\/velo-du-bonheur.com\/kiu-mi-estas\/"},"modified":"2026-05-07T14:36:42","modified_gmt":"2026-05-07T12:36:42","slug":"kiu-mi-estas","status":"publish","type":"page","link":"https:\/\/velo-du-bonheur.com\/eo\/kiu-mi-estas\/","title":{"rendered":"Kiu mi estas?"},"content":{"rendered":"<div class=\"et_pb_section_0 et_pb_section et_section_regular et_flex_section\">\n<div class=\"et_pb_row_0 et_pb_row et_flex_row\">\n<div class=\"et_pb_column_0 et_pb_column et-last-child et_flex_column et_pb_css_mix_blend_mode_passthrough et_flex_column_24_24 et_flex_column_24_24_tablet et_flex_column_24_24_phone\">\n<div class=\"et_pb_text_0 et_pb_text et_pb_bg_layout_light et_pb_module et_flex_module\"><div class=\"et_pb_text_inner\"><h1>Kiu mi estas?<\/h1>\n<\/div><\/div>\n<\/div>\n<\/div>\n\n<div class=\"et_pb_row_1 et_pb_row et_block_row preset--module--divi-row--5138c454-be54-4233-bd3b-f8e6a8747976\">\n<div class=\"et_pb_column_1 et_pb_column et_pb_column_1_2 et_block_column et_pb_css_mix_blend_mode_passthrough preset--module--divi-column--73121f80-a3ef-4484-8763-c3f18e3c56d2\">\n<div class=\"et_pb_image_0 et_pb_image et_pb_image_sticky et_pb_module et_block_module preset--module--divi-image--1cc6152f-565c-4c4d-b0c9-cf8c9576c341\"><span class=\"et_pb_image_wrap\"><img loading=\"lazy\" decoding=\"async\" src=\"https:\/\/velo-du-bonheur.com\/wp-content\/uploads\/2026\/03\/Signature-11-scaled.jpg\" width=\"2560\" height=\"1707\" srcset=\"https:\/\/velo-du-bonheur.com\/wp-content\/uploads\/2026\/03\/Signature-11-scaled.jpg 2560w, https:\/\/velo-du-bonheur.com\/wp-content\/uploads\/2026\/03\/Signature-11-1280x854.jpg 1280w, https:\/\/velo-du-bonheur.com\/wp-content\/uploads\/2026\/03\/Signature-11-980x653.jpg 980w, https:\/\/velo-du-bonheur.com\/wp-content\/uploads\/2026\/03\/Signature-11-480x320.jpg 480w\" sizes=\"(min-width: 0px) and (max-width: 480px) 480px, (min-width: 481px) and (max-width: 980px) 980px, (min-width: 981px) and (max-width: 1280px) 1280px, (min-width: 1281px) 2560px, 100vw\" class=\"wp-image-11\" title=\"800x800\" \/><\/span><\/div>\n<\/div>\n\n<div class=\"et_pb_column_2 et_pb_column et_pb_column_1_2 et-last-child et_block_column et_pb_css_mix_blend_mode_passthrough preset--module--divi-column--73121f80-a3ef-4484-8763-c3f18e3c56d2\">\n<div class=\"et_pb_text_1 et_pb_text et_pb_bg_layout_light et_pb_module et_block_module preset--module--divi-text--2c55a9c4-feed-423b-9edb-ae0b5b365cac\"><div class=\"et_pb_text_inner\"><p>Mia nomo estas Bruno Robineau, kaj mi lo\u011das en Maine-et-Loire. Mi lernis fari miniaturajn biciklojn dum miaj voja\u011doj \u0109irka\u016d la mondo, komence por donaci al miaj gastigantoj a\u016d por gajni iom da ekstra mono. Nun, mi ofertas al vi mian metiistan sperton por ornami viajn feritablojn a\u016d krei unikajn donacojn.  <\/p>\n<p>Mi invitas vin pli bone koni min en la suba filmeto (1\u201930).<\/p>\n<\/div><\/div>\n<\/div>\n<\/div>\n\n<div class=\"et_pb_row_2 et_pb_row et_flex_row\">\n<div class=\"et_pb_column_3 et_pb_column et-last-child et_flex_column et_pb_css_mix_blend_mode_passthrough et_flex_column_24_24 et_flex_column_24_24_tablet et_flex_column_24_24_phone\">\n<div class=\"et_pb_video_0 et_pb_video et_pb_module et_flex_module\"><div class=\"et_pb_video_box\"><iframe loading=\"lazy\" title=\"[FR] Les v\u00e9los du bonheur de Bruno Robineau\" width=\"1080\" height=\"608\" src=\"https:\/\/www.youtube.com\/embed\/LH4WDFuDhrc?feature=oembed\"  allow=\"accelerometer; autoplay; clipboard-write; encrypted-media; gyroscope; picture-in-picture; web-share\" referrerpolicy=\"strict-origin-when-cross-origin\" allowfullscreen><\/iframe><\/div><\/div>\n<\/div>\n<\/div>\n\n<div class=\"et_pb_row_3 et_pb_row et_flex_row\">\n<div class=\"et_pb_column_4 et_pb_column et-last-child et_flex_column et_pb_css_mix_blend_mode_passthrough et_flex_column_24_24 et_flex_column_24_24_tablet et_flex_column_24_24_phone\">\n<div class=\"et_pb_video_1 et_pb_video et_pb_module et_flex_module\"><div class=\"et_pb_video_box\"><video controls><source type=\"video\/mp4\" src=\"https:\/\/velo-du-bonheur.com\/wp-content\/uploads\/2026\/04\/velo-du-bonheur-au-Laos.mp4\" \/><\/video><\/div><\/div>\n<\/div>\n<\/div>\n<\/div>","protected":false},"excerpt":{"rendered":"","protected":false},"author":2,"featured_media":0,"parent":0,"menu_order":0,"comment_status":"closed","ping_status":"closed","template":"","meta":{"footnotes":""},"class_list":["post-890","page","type-page","status-publish","hentry"],"_links":{"self":[{"href":"https:\/\/velo-du-bonheur.com\/eo\/wp-json\/wp\/v2\/pages\/890","targetHints":{"allow":["GET"]}}],"collection":[{"href":"https:\/\/velo-du-bonheur.com\/eo\/wp-json\/wp\/v2\/pages"}],"about":[{"href":"https:\/\/velo-du-bonheur.com\/eo\/wp-json\/wp\/v2\/types\/page"}],"author":[{"embeddable":true,"href":"https:\/\/velo-du-bonheur.com\/eo\/wp-json\/wp\/v2\/users\/2"}],"replies":[{"embeddable":true,"href":"https:\/\/velo-du-bonheur.com\/eo\/wp-json\/wp\/v2\/comments?post=890"}],"version-history":[{"count":1,"href":"https:\/\/velo-du-bonheur.com\/eo\/wp-json\/wp\/v2\/pages\/890\/revisions"}],"predecessor-version":[{"id":891,"href":"https:\/\/velo-du-bonheur.com\/eo\/wp-json\/wp\/v2\/pages\/890\/revisions\/891"}],"wp:attachment":[{"href":"https:\/\/velo-du-bonheur.com\/eo\/wp-json\/wp\/v2\/media?parent=890"}],"curies":[{"name":"wp","href":"https:\/\/api.w.org\/{rel}","templated":true}]}}